{"id":2698,"date":"2024-07-16T05:44:14","date_gmt":"2024-07-15T22:44:14","guid":{"rendered":"https:\/\/www.littlepeople.edu.vn\/the-highscope-educational-research-foundation\/"},"modified":"2025-02-16T00:16:45","modified_gmt":"2025-02-15T17:16:45","slug":"the-highscope-educational-research-foundation","status":"publish","type":"page","link":"https:\/\/www.littlepeople.edu.vn\/en\/international-partners\/the-highscope-educational-research-foundation\/","title":{"rendered":"The HighScope Educational Research Foundation"},"content":{"rendered":"<div class=\"wpb-content-wrapper\">[vc_row][vc_column]<div   >\n                        <div class=\"swmsc_container\">\n                            [vc_row_inner][vc_column_inner]<div  class=\"center\" ><div style=\"font-size:38px; color:#8d7cd5; font-weight:bold; line-height:70px;\">\n                    Introduction to HighScope\n                    <\/div><\/div><div  class=\"swmsc_custom_dividers swmsc_dividers_square text_align_center\" style=\"margin-top:30px;margin-bottom:30px;\"><span style=\"background-color:#e5e5e5;\"><\/span><span style=\"background-color:#e5e5e5;\"><\/span><span style=\"background-color:#e5e5e5;\"><\/span><span style=\"background-color:#e5e5e5;\"><\/span><\/div><div  class=\"clear swmsc_gap\" style=\"margin:20px 0 0 0;\"><\/div><div  class=\"swmsc_text_block\" > The HighScope Educational Research Foundation traces its roots back to the Perry Preschool Project, founded in 1962 by psychologist David Weikart in Ypsilanti, Michigan. The Perry Preschool Project, involving 123 children in Ypsilanti, completely transformed perceptions about the importance of early childhood education in Michigan at that time. In 1970, Dr. David Weikart formally established The HighScope Educational Research Foundation to continue researching the impact of high-quality early childhood education on the long-term success of children who received early interventions. The research results showed that children who were educated using the &#8220;Active Learning&#8221; approach from the HighScope program achieved higher outcomes compared to those who did not attend preschool, particularly in several criteria as follows:<\/div><div  class=\"clear swmsc_gap\" style=\"margin:30px 0 0 0;\"><\/div>[vc_single_image source=&#8221;external_link&#8221; external_img_size=&#8221;691&#215;452&#8243; alignment=&#8221;center&#8221; onclick=&#8221;link_image&#8221; css=&#8221;&#8221; custom_src=&#8221;https:\/\/lh3.googleusercontent.com\/pw\/AP1GczNXl808Uf9IMvd6xLzjbJn5stVUw21dVzotbhKMt0WFE9rNW55W0iysZQurXp2JvVfX37T4Esp5hvrpwZG0U2sMqG_NdOs_GKEo1xUbU7rz65D2wJjXJFGBufuPRjGwyrjs1sPXVTfXSFBsBMrRwrhM=w2314-h1702-s-no?authuser=0&#8243;]<div  class=\"clear swmsc_gap\" style=\"margin:30px 0 0 0;\"><\/div><div  class=\"swmsc_text_block\" > \n<div class=\"ewa-rteLine\">With the belief that all children deserve high-quality early childhood education to develop to their fullest potential, the HighScope approach has become successful not only in the United States but also in many countries worldwide, including Canada, the United Kingdom, Chile, Indonesia, South Korea, Mexico, the Netherlands, Portugal, and South Africa&#8230;<\/div>\n<div><\/div>\n<div class=\"ewa-rteLine\">The HighScope approach is an educational method that emphasizes &#8220;Active Learning&#8221; and is implemented through a series of teaching strategies and child-centered models built upon research in child psychology and practical assessment tools. This support makes the &#8220;Active Learning&#8221; approach more practical and accessible to teachers, contributing to the success of the HighScope program, as evidenced by the following achievements:<\/div>\n<\/div><div  class=\"clear swmsc_gap\" style=\"margin:30px 0 0 0;\"><\/div>[vc_single_image source=&#8221;external_link&#8221; external_img_size=&#8221;691&#215;452&#8243; alignment=&#8221;center&#8221; onclick=&#8221;link_image&#8221; css=&#8221;&#8221; custom_src=&#8221;https:\/\/lh3.googleusercontent.com\/pw\/AP1GczO3cMH4HzGyXmRASsXK3vWhoXwJdRv9bAml8KfK3s8cXE-GDz4SnPxRUkEB82tfNR3nflzDOGdDbxcTLTEw6czMlNCDRph7_aMfSNKsUkqnwiP9I2bqWpLChfFSOVnJpxj24D5tsknPi4CLM2ogCyPg=w3118-h1702-s-no?authuser=0&#8243;]<div id=\"phuong-phap-hoc-tap-chu-dong\" class=\"clear swmsc_gap\" style=\"margin:30px 0 0 0;\"><\/div>[\/vc_column_inner][\/vc_row_inner]\n                            <div class=\"clear\"><\/div>\n                        <\/div>\n                    <\/div>[\/vc_column][\/vc_row][vc_row][vc_column css=&#8221;.vc_custom_1721076926594{padding-top: 0px !important;padding-right: 0px !important;padding-bottom: 0px !important;padding-left: 0px !important;}&#8221; el_id=&#8221;hoc-tap&#8221;]<div  class=\"swmsc_full_width_section\" style=\" background-color:#f3f3f3;background-image:url(https:\/\/www.littlepeople.edu.vn\/wp-content\/uploads\/2016\/04\/school-sketch-elements2-50.png); background-position:center top; background-repeat: repeat; background-attachment: scroll; background-size: auto;  padding-top:50px; padding-bottom:0px; margin-top:0px; margin-bottom:0px;  \">\n                        <div class=\"swmsc_container\">\n                            <div  class=\"center\" ><div style=\"font-size:38px; color:#8d7cd5; font-weight:bold; line-height:70px;\">\n                    Active Learning Approach\n                    <\/div><\/div><div  class=\"swmsc_custom_dividers swmsc_dividers_square text_align_center\" style=\"margin-top:30px;margin-bottom:30px;\"><span style=\"background-color:#e5e5e5;\"><\/span><span style=\"background-color:#e5e5e5;\"><\/span><span style=\"background-color:#e5e5e5;\"><\/span><span style=\"background-color:#e5e5e5;\"><\/span><\/div><div  class=\"clear swmsc_gap\" style=\"margin:20px 0 0 0;\"><\/div><div  class=\"swmsc_text_block\" > Since its inception in 1970 in the United States, the HighScope Preschool program, with its Active Learning approach developed by psychologist David Weikart, has been recognized as a program that fosters creativity and initiative in learners.<\/div><div  class=\"clear swmsc_gap\" style=\"margin:20px 0 0 0;\"><\/div><div  class=\"swmsc_fancy_heading swmsc_fancy_heading_center fh_icon_fancyHeadingNoIcon\" style=\"margin-top:40px;margin-bottom:40px;\">\n                        <div class=\"swmsc_fancy_heading_text\" style=\"font-size:28px;line-height:36px;\">\n                            The &#8220;Active Learning&#8221; approach is implemented through four key elements:\n                            <div class=\"swmsc_fancy_heading_border\">\n                                <span class=\"swmsc_fancy_heading_border1\" style=\"background:#f8b54d;\"><\/span>\n                                <span class=\"swmsc_fancy_heading_border2\" style=\"background:#f8b54d;\"><\/span>\n                                <span class=\"swmsc_fancy_heading_icon\"><i class=\"fa fa-fancyHeadingNoIcon\"  style=\"color:#8373ce;\"><\/i><\/span>\n                            <\/div>\n                        <\/div>\n                    <\/div><div  class=\"clear swmsc_gap\" style=\"margin:20px 0 0 0;\"><\/div>[vc_single_image source=&#8221;external_link&#8221; external_img_size=&#8221;707&#215;685&#8243; alignment=&#8221;center&#8221; onclick=&#8221;link_image&#8221; css=&#8221;&#8221; custom_src=&#8221;https:\/\/lh3.googleusercontent.com\/pw\/AP1GczOqIhXJ2KaIgsYly729sGSVyrJNZipQy8RTOl_d5KfjYKEJglkJW&#8211;DJESbnE52fu24zzYMVkNemPDUwIyAcd2KXqxpGMFb4HAadRhcaAI7M4b6gMNxrTS-qt2Ut4YlKILvI8e4foqEvrQ8sjCjtbtp=w1752-h1702-s-no?authuser=0&#8243;]<div  class=\"clear swmsc_gap\" style=\"margin:20px 0 0 0;\"><\/div>[vc_column_text css=&#8221;.vc_custom_1727974204212{padding-top: 20px !important;padding-right: 20px !important;padding-bottom: 20px !important;padding-left: 20px !important;background-color: #81d742 !important;border-radius: 10px !important;}&#8221;]\n<h4><span style=\"color: #ffffff;\">Scientific Child Assessment Tools<\/span><\/h4>\n<p><span style=\"color: #ffffff;\">HighScope assesses children based on their individual development, using the COR Advantage assessment tool developed and standardized by the HighScope organization in the United States. By observing children&#8217;s daily behaviors, language, and interactions, teachers gain an accurate understanding of each child&#8217;s developmental level in each educational area, allowing them to identify strengths to be developed and areas that require in-depth support.<\/span>[\/vc_column_text]<div  class=\"clear swmsc_gap\" style=\"margin:20px 0 0 0;\"><\/div>[vc_column_text css=&#8221;.vc_custom_1727974189875{padding-top: 20px !important;padding-right: 20px !important;padding-bottom: 20px !important;padding-left: 20px !important;background-color: #1e73be !important;border-radius: 10px !important;}&#8221;]\n<h4><span style=\"color: #ffffff;\">Child-Centered Interactions<\/span><\/h4>\n<p><span style=\"color: #ffffff;\">The relationship between children and adults is fundamental to creating an active learning environment. Adults respect children as partners, letting go of the urge to control and guide, allowing children to take ownership of their learning and exploration. HighScope teachers share control, observe, listen attentively to children&#8217;s intentions, and identify each child&#8217;s unique abilities and developmental levels to provide appropriate, individualized support. In the HighScope educational environment, children are at the center of designing their learning experiences, while teachers support them in developing their strengths, learning to improve their weaknesses willingly and positively, and becoming a better version of themselves each day.<\/span>[\/vc_column_text]<div  class=\"clear swmsc_gap\" style=\"margin:20px 0 0 0;\"><\/div>[vc_column_text css=&#8221;.vc_custom_1727974290698{padding-top: 20px !important;padding-right: 20px !important;padding-bottom: 20px !important;padding-left: 20px !important;background-color: #dd9933 !important;border-radius: 10px !important;}&#8221;]\n<h4><span style=\"color: #ffffff;\">Stimulating Learning Environments<\/span><\/h4>\n<p><span style=\"color: #ffffff;\">HighScope classrooms are divided into different play areas to support children in carrying out their &#8220;play-to-learn&#8221; plans. With a variety of materials, scientifically categorized and labeled, children are proactive in searching, using, and cleaning up. The HighScope learning environment does not require expensive teaching aids but encourages the use of everyday materials, as HighScope believes that children interact with materials to learn how to use them, and then creatively combine open-ended materials to solve problems, not just for entertainment. The learning environment also plays a crucial role in simulating a miniature society, where each member interacts with materials and the classroom space to satisfy their imagination, stimulate creativity, and learn to control their emotions and resolve problems that arise during play.<\/span>[\/vc_column_text]<div  class=\"clear swmsc_gap\" style=\"margin:20px 0 0 0;\"><\/div>[vc_column_text css=&#8221;.vc_custom_1727974317588{padding-top: 20px !important;padding-right: 20px !important;padding-bottom: 20px !important;padding-left: 20px !important;background-color: #1e73be !important;border-radius: 10px !important;}&#8221;]\n<h4><span style=\"color: #ffffff;\">Daily Routines that Meet Developmental Needs<\/span><\/h4>\n<p><span style=\"color: #ffffff;\">HighScope classrooms offer a variety of activities, from small group interactions and one-on-one interactions to whole-class activities, promoting a balanced development of both individual and social skills. The &#8220;PLAN-DO-REVIEW&#8221; cycle emphasizes the importance of children taking the initiative to plan their play and controlling the entire process with purposeful teacher support. This copyrighted learning process from the HighScope Educational Research Foundation helps develop independent thinking, qualities, and accelerates brain development in preschool children.<\/span>[\/vc_column_text]<div  class=\"clear swmsc_gap\" style=\"margin:20px 0 0 0;\"><\/div><div  class=\"swmsc_text_block\" > These four essential elements are represented as a wheel, a complete cycle (Wheel of Learning), demonstrating a close and scientific connection between the components that make up the Active Learning approach. Starting from the first and most important element, the strategy of interacting with and working with children, combined with a stimulating learning environment and a daily routine that meets children&#8217;s psychological needs, teachers implement educational content in various developmental areas for each preschool or kindergarten age group to support children in reaching age-appropriate developmental milestones. The final piece, the COR Advantage assessment tool, is a powerful tool that enables teachers to identify the developmental level of each individual and plan support accordingly, returning to adjust the other three components until children reach a higher level of development. In this way, the learning wheel turns, creating a strong and indispensable combination in the implementation of the HighScope educational program, with Active Learning at its core.<\/div><div  class=\"clear swmsc_gap\" style=\"margin:50px 0 0 0;\"><\/div>\n                            <div class=\"clear\"><\/div>\n                        <\/div>\n                    <\/div>[\/vc_column][\/vc_row]\n<\/div>","protected":false},"excerpt":{"rendered":"<p>[vc_row][vc_column][\/vc_column][\/vc_row][vc_row][vc_column css=&#8221;.vc_custom_1721076926594{padding-top: 0px !important;padding-right: 0px !important;padding-bottom: 0px !important;padding-left: 0px !important;}&#8221; el_id=&#8221;hoc-tap&#8221;][\/vc_column][\/vc_row]<\/p>\n","protected":false},"author":1,"featured_media":0,"parent":2731,"menu_order":0,"comment_status":"closed","ping_status":"closed","template":"","meta":{"footnotes":""},"class_list":["post-2698","page","type-page","status-publish","hentry"],"yoast_head":"<!-- This site is optimized with the Yoast SEO plugin v26.7 - https:\/\/yoast.com\/wordpress\/plugins\/seo\/ -->\n<title>The HighScope Educational Research Foundation - Little People Kindergarten<\/title>\n<meta name=\"description\" content=\"T\u1ea1i Little People Kindergarten, Ban Gi\u00e1m Hi\u1ec7u quan ni\u1ec7m r\u1eb1ng vai tr\u00f2 c\u1ee7a tr\u01b0\u1eddng M\u1ea7m Non l\u00e0 h\u00ecnh th\u00e0nh cho con nh\u1eefng ph\u1ea9m ch\u1ea5t \u0111\u1ea7u \u0111\u1eddi c\u1ee7a...\" \/>\n<meta name=\"robots\" content=\"index, follow, max-snippet:-1, max-image-preview:large, max-video-preview:-1\" \/>\n<link rel=\"canonical\" href=\"https:\/\/www.littlepeople.edu.vn\/en\/international-partners\/the-highscope-educational-research-foundation\/\" \/>\n<meta property=\"og:locale\" content=\"en_US\" \/>\n<meta property=\"og:type\" content=\"article\" \/>\n<meta property=\"og:title\" content=\"The HighScope Educational Research Foundation - Little People Kindergarten\" \/>\n<meta property=\"og:description\" content=\"T\u1ea1i Little People Kindergarten, Ban Gi\u00e1m Hi\u1ec7u quan ni\u1ec7m r\u1eb1ng vai tr\u00f2 c\u1ee7a tr\u01b0\u1eddng M\u1ea7m Non l\u00e0 h\u00ecnh th\u00e0nh cho con nh\u1eefng ph\u1ea9m ch\u1ea5t \u0111\u1ea7u \u0111\u1eddi c\u1ee7a...\" \/>\n<meta property=\"og:url\" content=\"https:\/\/www.littlepeople.edu.vn\/en\/international-partners\/the-highscope-educational-research-foundation\/\" \/>\n<meta property=\"og:site_name\" content=\"Little People Kindergarten\" \/>\n<meta property=\"article:publisher\" content=\"https:\/\/www.facebook.com\/littlepeople.edu.vn\" \/>\n<meta property=\"article:modified_time\" content=\"2025-02-15T17:16:45+00:00\" \/>\n<meta property=\"og:image\" content=\"https:\/\/www.littlepeople.edu.vn\/wp-content\/uploads\/2024\/10\/thumb.png\" \/>\n\t<meta property=\"og:image:width\" content=\"560\" \/>\n\t<meta property=\"og:image:height\" content=\"292\" \/>\n\t<meta property=\"og:image:type\" content=\"image\/png\" \/>\n<meta name=\"twitter:card\" content=\"summary_large_image\" \/>\n<meta name=\"twitter:label1\" content=\"Est. reading time\" \/>\n\t<meta name=\"twitter:data1\" content=\"7 minutes\" \/>\n<script type=\"application\/ld+json\" class=\"yoast-schema-graph\">{\"@context\":\"https:\/\/schema.org\",\"@graph\":[{\"@type\":\"WebPage\",\"@id\":\"https:\/\/www.littlepeople.edu.vn\/en\/international-partners\/the-highscope-educational-research-foundation\/\",\"url\":\"https:\/\/www.littlepeople.edu.vn\/en\/international-partners\/the-highscope-educational-research-foundation\/\",\"name\":\"The HighScope Educational Research Foundation - Little People Kindergarten\",\"isPartOf\":{\"@id\":\"https:\/\/www.littlepeople.edu.vn\/en\/#website\"},\"datePublished\":\"2024-07-15T22:44:14+00:00\",\"dateModified\":\"2025-02-15T17:16:45+00:00\",\"description\":\"T\u1ea1i Little People Kindergarten, Ban Gi\u00e1m Hi\u1ec7u quan ni\u1ec7m r\u1eb1ng vai tr\u00f2 c\u1ee7a tr\u01b0\u1eddng M\u1ea7m Non l\u00e0 h\u00ecnh th\u00e0nh cho con nh\u1eefng ph\u1ea9m ch\u1ea5t \u0111\u1ea7u \u0111\u1eddi c\u1ee7a...\",\"breadcrumb\":{\"@id\":\"https:\/\/www.littlepeople.edu.vn\/en\/international-partners\/the-highscope-educational-research-foundation\/#breadcrumb\"},\"inLanguage\":\"en-US\",\"potentialAction\":[{\"@type\":\"ReadAction\",\"target\":[\"https:\/\/www.littlepeople.edu.vn\/en\/international-partners\/the-highscope-educational-research-foundation\/\"]}]},{\"@type\":\"BreadcrumbList\",\"@id\":\"https:\/\/www.littlepeople.edu.vn\/en\/international-partners\/the-highscope-educational-research-foundation\/#breadcrumb\",\"itemListElement\":[{\"@type\":\"ListItem\",\"position\":1,\"name\":\"Trang ch\u1ee7\",\"item\":\"https:\/\/www.littlepeople.edu.vn\/en\/\"},{\"@type\":\"ListItem\",\"position\":2,\"name\":\"International Partners\",\"item\":\"https:\/\/www.littlepeople.edu.vn\/en\/international-partners\/\"},{\"@type\":\"ListItem\",\"position\":3,\"name\":\"The HighScope Educational Research Foundation\"}]},{\"@type\":\"WebSite\",\"@id\":\"https:\/\/www.littlepeople.edu.vn\/en\/#website\",\"url\":\"https:\/\/www.littlepeople.edu.vn\/en\/\",\"name\":\"Little People Kindergarten\",\"description\":\"Home of Joy\",\"publisher\":{\"@id\":\"https:\/\/www.littlepeople.edu.vn\/en\/#organization\"},\"potentialAction\":[{\"@type\":\"SearchAction\",\"target\":{\"@type\":\"EntryPoint\",\"urlTemplate\":\"https:\/\/www.littlepeople.edu.vn\/en\/?s={search_term_string}\"},\"query-input\":{\"@type\":\"PropertyValueSpecification\",\"valueRequired\":true,\"valueName\":\"search_term_string\"}}],\"inLanguage\":\"en-US\"},{\"@type\":\"Organization\",\"@id\":\"https:\/\/www.littlepeople.edu.vn\/en\/#organization\",\"name\":\"Little People Kindergarten\",\"url\":\"https:\/\/www.littlepeople.edu.vn\/en\/\",\"logo\":{\"@type\":\"ImageObject\",\"inLanguage\":\"en-US\",\"@id\":\"https:\/\/www.littlepeople.edu.vn\/en\/#\/schema\/logo\/image\/\",\"url\":\"https:\/\/www.littlepeople.edu.vn\/wp-content\/uploads\/2024\/10\/thumb.png\",\"contentUrl\":\"https:\/\/www.littlepeople.edu.vn\/wp-content\/uploads\/2024\/10\/thumb.png\",\"width\":560,\"height\":292,\"caption\":\"Little People Kindergarten\"},\"image\":{\"@id\":\"https:\/\/www.littlepeople.edu.vn\/en\/#\/schema\/logo\/image\/\"},\"sameAs\":[\"https:\/\/www.facebook.com\/littlepeople.edu.vn\"]}]}<\/script>\n<!-- \/ Yoast SEO plugin. -->","yoast_head_json":{"title":"The HighScope Educational Research Foundation - Little People Kindergarten","description":"T\u1ea1i Little People Kindergarten, Ban Gi\u00e1m Hi\u1ec7u quan ni\u1ec7m r\u1eb1ng vai tr\u00f2 c\u1ee7a tr\u01b0\u1eddng M\u1ea7m Non l\u00e0 h\u00ecnh th\u00e0nh cho con nh\u1eefng ph\u1ea9m ch\u1ea5t \u0111\u1ea7u \u0111\u1eddi c\u1ee7a...","robots":{"index":"index","follow":"follow","max-snippet":"max-snippet:-1","max-image-preview":"max-image-preview:large","max-video-preview":"max-video-preview:-1"},"canonical":"https:\/\/www.littlepeople.edu.vn\/en\/international-partners\/the-highscope-educational-research-foundation\/","og_locale":"en_US","og_type":"article","og_title":"The HighScope Educational Research Foundation - Little People Kindergarten","og_description":"T\u1ea1i Little People Kindergarten, Ban Gi\u00e1m Hi\u1ec7u quan ni\u1ec7m r\u1eb1ng vai tr\u00f2 c\u1ee7a tr\u01b0\u1eddng M\u1ea7m Non l\u00e0 h\u00ecnh th\u00e0nh cho con nh\u1eefng ph\u1ea9m ch\u1ea5t \u0111\u1ea7u \u0111\u1eddi c\u1ee7a...","og_url":"https:\/\/www.littlepeople.edu.vn\/en\/international-partners\/the-highscope-educational-research-foundation\/","og_site_name":"Little People Kindergarten","article_publisher":"https:\/\/www.facebook.com\/littlepeople.edu.vn","article_modified_time":"2025-02-15T17:16:45+00:00","og_image":[{"width":560,"height":292,"url":"https:\/\/www.littlepeople.edu.vn\/wp-content\/uploads\/2024\/10\/thumb.png","type":"image\/png"}],"twitter_card":"summary_large_image","twitter_misc":{"Est. reading time":"7 minutes"},"schema":{"@context":"https:\/\/schema.org","@graph":[{"@type":"WebPage","@id":"https:\/\/www.littlepeople.edu.vn\/en\/international-partners\/the-highscope-educational-research-foundation\/","url":"https:\/\/www.littlepeople.edu.vn\/en\/international-partners\/the-highscope-educational-research-foundation\/","name":"The HighScope Educational Research Foundation - Little People Kindergarten","isPartOf":{"@id":"https:\/\/www.littlepeople.edu.vn\/en\/#website"},"datePublished":"2024-07-15T22:44:14+00:00","dateModified":"2025-02-15T17:16:45+00:00","description":"T\u1ea1i Little People Kindergarten, Ban Gi\u00e1m Hi\u1ec7u quan ni\u1ec7m r\u1eb1ng vai tr\u00f2 c\u1ee7a tr\u01b0\u1eddng M\u1ea7m Non l\u00e0 h\u00ecnh th\u00e0nh cho con nh\u1eefng ph\u1ea9m ch\u1ea5t \u0111\u1ea7u \u0111\u1eddi c\u1ee7a...","breadcrumb":{"@id":"https:\/\/www.littlepeople.edu.vn\/en\/international-partners\/the-highscope-educational-research-foundation\/#breadcrumb"},"inLanguage":"en-US","potentialAction":[{"@type":"ReadAction","target":["https:\/\/www.littlepeople.edu.vn\/en\/international-partners\/the-highscope-educational-research-foundation\/"]}]},{"@type":"BreadcrumbList","@id":"https:\/\/www.littlepeople.edu.vn\/en\/international-partners\/the-highscope-educational-research-foundation\/#breadcrumb","itemListElement":[{"@type":"ListItem","position":1,"name":"Trang ch\u1ee7","item":"https:\/\/www.littlepeople.edu.vn\/en\/"},{"@type":"ListItem","position":2,"name":"International Partners","item":"https:\/\/www.littlepeople.edu.vn\/en\/international-partners\/"},{"@type":"ListItem","position":3,"name":"The HighScope Educational Research Foundation"}]},{"@type":"WebSite","@id":"https:\/\/www.littlepeople.edu.vn\/en\/#website","url":"https:\/\/www.littlepeople.edu.vn\/en\/","name":"Little People Kindergarten","description":"Home of Joy","publisher":{"@id":"https:\/\/www.littlepeople.edu.vn\/en\/#organization"},"potentialAction":[{"@type":"SearchAction","target":{"@type":"EntryPoint","urlTemplate":"https:\/\/www.littlepeople.edu.vn\/en\/?s={search_term_string}"},"query-input":{"@type":"PropertyValueSpecification","valueRequired":true,"valueName":"search_term_string"}}],"inLanguage":"en-US"},{"@type":"Organization","@id":"https:\/\/www.littlepeople.edu.vn\/en\/#organization","name":"Little People Kindergarten","url":"https:\/\/www.littlepeople.edu.vn\/en\/","logo":{"@type":"ImageObject","inLanguage":"en-US","@id":"https:\/\/www.littlepeople.edu.vn\/en\/#\/schema\/logo\/image\/","url":"https:\/\/www.littlepeople.edu.vn\/wp-content\/uploads\/2024\/10\/thumb.png","contentUrl":"https:\/\/www.littlepeople.edu.vn\/wp-content\/uploads\/2024\/10\/thumb.png","width":560,"height":292,"caption":"Little People Kindergarten"},"image":{"@id":"https:\/\/www.littlepeople.edu.vn\/en\/#\/schema\/logo\/image\/"},"sameAs":["https:\/\/www.facebook.com\/littlepeople.edu.vn"]}]}},"_links":{"self":[{"href":"https:\/\/www.littlepeople.edu.vn\/en\/wp-json\/wp\/v2\/pages\/2698","targetHints":{"allow":["GET"]}}],"collection":[{"href":"https:\/\/www.littlepeople.edu.vn\/en\/wp-json\/wp\/v2\/pages"}],"about":[{"href":"https:\/\/www.littlepeople.edu.vn\/en\/wp-json\/wp\/v2\/types\/page"}],"author":[{"embeddable":true,"href":"https:\/\/www.littlepeople.edu.vn\/en\/wp-json\/wp\/v2\/users\/1"}],"replies":[{"embeddable":true,"href":"https:\/\/www.littlepeople.edu.vn\/en\/wp-json\/wp\/v2\/comments?post=2698"}],"version-history":[{"count":4,"href":"https:\/\/www.littlepeople.edu.vn\/en\/wp-json\/wp\/v2\/pages\/2698\/revisions"}],"predecessor-version":[{"id":2815,"href":"https:\/\/www.littlepeople.edu.vn\/en\/wp-json\/wp\/v2\/pages\/2698\/revisions\/2815"}],"up":[{"embeddable":true,"href":"https:\/\/www.littlepeople.edu.vn\/en\/wp-json\/wp\/v2\/pages\/2731"}],"wp:attachment":[{"href":"https:\/\/www.littlepeople.edu.vn\/en\/wp-json\/wp\/v2\/media?parent=2698"}],"curies":[{"name":"wp","href":"https:\/\/api.w.org\/{rel}","templated":true}]}}